
{"id":5,"date":"2019-11-08T14:32:43","date_gmt":"2019-11-08T13:32:43","guid":{"rendered":"http:\/\/localhost:8000\/?page_id=5"},"modified":"2021-06-21T11:30:34","modified_gmt":"2021-06-21T09:30:34","slug":"accueil","status":"publish","type":"page","link":"https:\/\/www.cawita-technologies.com\/","title":{"rendered":"Accueil"},"content":{"rendered":"","protected":false},"excerpt":{"rendered":"","protected":false},"author":1,"featured_media":0,"parent":0,"menu_order":0,"comment_status":"closed","ping_status":"closed","template":"","meta":[],"yoast_head":"<!-- This site is optimized with the Yoast SEO plugin v16.5 - https:\/\/yoast.com\/wordpress\/plugins\/seo\/ -->\n<title>Cawita Technologies : Sp\u00e9cialiste dans le conseil, la transformation digitale, &amp; l\u2019ing\u00e9nierie.<\/title>\n<meta name=\"description\" content=\"Sp\u00e9cialiste dans le conseil, la transformation digitale &amp; l&#039;ing\u00e9nierie, nous cr\u00e9ons et d\u00e9ployons des infrastructures cloud \u00e0 haute valeur ajout\u00e9e afin d\u2019am\u00e9liorer la productivit\u00e9 et la rentabilit\u00e9 de nos clients.\" \/>\n<meta name=\"robots\" content=\"index, follow, max-snippet:-1, max-image-preview:large, max-video-preview:-1\" \/>\n<link rel=\"canonical\" href=\"https:\/\/www.cawita-technologies.com\/\" \/>\n<meta property=\"og:locale\" content=\"fr_FR\" \/>\n<meta property=\"og:type\" content=\"article\" \/>\n<meta property=\"og:title\" content=\"Cawita Technologies : Sp\u00e9cialiste dans le conseil, la transformation digitale, &amp; l\u2019ing\u00e9nierie.\" \/>\n<meta property=\"og:description\" content=\"Sp\u00e9cialiste dans le conseil, la transformation digitale &amp; l&#039;ing\u00e9nierie, nous cr\u00e9ons et d\u00e9ployons des infrastructures cloud \u00e0 haute valeur ajout\u00e9e afin d\u2019am\u00e9liorer la productivit\u00e9 et la rentabilit\u00e9 de nos clients.\" \/>\n<meta property=\"og:url\" content=\"https:\/\/www.cawita-technologies.com\/\" \/>\n<meta property=\"og:site_name\" content=\"Cawita\" \/>\n<meta property=\"article:modified_time\" content=\"2021-06-21T09:30:34+00:00\" \/>\n<meta property=\"og:image\" content=\"https:\/\/www.cawita-technologies.com\/wp-content\/uploads\/2021\/06\/cawita_SEO.jpg\" \/>\n\t<meta property=\"og:image:width\" content=\"1200\" \/>\n\t<meta property=\"og:image:height\" content=\"630\" \/>\n<meta name=\"twitter:card\" content=\"summary_large_image\" \/>\n<script type=\"application\/ld+json\" class=\"yoast-schema-graph\">{\"@context\":\"https:\/\/schema.org\",\"@graph\":[{\"@type\":\"WebSite\",\"@id\":\"https:\/\/www.cawita-technologies.com\/#website\",\"url\":\"https:\/\/www.cawita-technologies.com\/\",\"name\":\"Cawita\",\"description\":\"Cawita\",\"potentialAction\":[{\"@type\":\"SearchAction\",\"target\":\"https:\/\/www.cawita-technologies.com\/?s={search_term_string}\",\"query-input\":\"required name=search_term_string\"}],\"inLanguage\":\"fr-FR\"},{\"@type\":\"WebPage\",\"@id\":\"https:\/\/www.cawita-technologies.com\/#webpage\",\"url\":\"https:\/\/www.cawita-technologies.com\/\",\"name\":\"Cawita Technologies : Sp\\u00e9cialiste dans le conseil, la transformation digitale, & l\\u2019ing\\u00e9nierie.\",\"isPartOf\":{\"@id\":\"https:\/\/www.cawita-technologies.com\/#website\"},\"datePublished\":\"2019-11-08T13:32:43+00:00\",\"dateModified\":\"2021-06-21T09:30:34+00:00\",\"description\":\"Sp\\u00e9cialiste dans le conseil, la transformation digitale & l'ing\\u00e9nierie, nous cr\\u00e9ons et d\\u00e9ployons des infrastructures cloud \\u00e0 haute valeur ajout\\u00e9e afin d\\u2019am\\u00e9liorer la productivit\\u00e9 et la rentabilit\\u00e9 de nos clients.\",\"breadcrumb\":{\"@id\":\"https:\/\/www.cawita-technologies.com\/#breadcrumb\"},\"inLanguage\":\"fr-FR\",\"potentialAction\":[{\"@type\":\"ReadAction\",\"target\":[\"https:\/\/www.cawita-technologies.com\/\"]}]},{\"@type\":\"BreadcrumbList\",\"@id\":\"https:\/\/www.cawita-technologies.com\/#breadcrumb\",\"itemListElement\":[{\"@type\":\"ListItem\",\"position\":1,\"name\":\"Home\",\"item\":\"https:\/\/www.cawita-technologies.com\/\"},{\"@type\":\"ListItem\",\"position\":2,\"name\":\"Accueil\"}]}]}<\/script>\n<!-- \/ Yoast SEO plugin. -->","_links":{"self":[{"href":"https:\/\/www.cawita-technologies.com\/index.php\/wp-json\/wp\/v2\/pages\/5"}],"collection":[{"href":"https:\/\/www.cawita-technologies.com\/index.php\/wp-json\/wp\/v2\/pages"}],"about":[{"href":"https:\/\/www.cawita-technologies.com\/index.php\/wp-json\/wp\/v2\/types\/page"}],"author":[{"embeddable":true,"href":"https:\/\/www.cawita-technologies.com\/index.php\/wp-json\/wp\/v2\/users\/1"}],"replies":[{"embeddable":true,"href":"https:\/\/www.cawita-technologies.com\/index.php\/wp-json\/wp\/v2\/comments?post=5"}],"version-history":[{"count":85,"href":"https:\/\/www.cawita-technologies.com\/index.php\/wp-json\/wp\/v2\/pages\/5\/revisions"}],"predecessor-version":[{"id":5806,"href":"https:\/\/www.cawita-technologies.com\/index.php\/wp-json\/wp\/v2\/pages\/5\/revisions\/5806"}],"wp:attachment":[{"href":"https:\/\/www.cawita-technologies.com\/index.php\/wp-json\/wp\/v2\/media?parent=5"}],"curies":[{"name":"wp","href":"https:\/\/api.w.org\/{rel}","templated":true}]}}